{"id":5467,"date":"2019-06-14T01:41:36","date_gmt":"2019-06-14T01:41:36","guid":{"rendered":"https:\/\/themegavias.com\/wp\/vizeon\/?page_id=5467"},"modified":"2024-04-20T09:12:39","modified_gmt":"2024-04-20T14:12:39","slug":"about-us","status":"publish","type":"page","link":"https:\/\/pointofsolution.com\/spanish\/about-us\/","title":{"rendered":"Qui\u00e9nes Somos"},"content":{"rendered":"\t\t<div data-elementor-type=\"wp-post\" data-elementor-id=\"5467\" class=\"elementor elementor-5467\" data-elementor-post-type=\"page\">\n\t\t\t\t\t\t<section class=\"elementor-section elementor-top-section elementor-element elementor-element-ff51c82 elementor-section-boxed elementor-section-height-default elementor-section-height-default\" data-id=\"ff51c82\" data-element_type=\"section\" data-settings=\"{&quot;background_background&quot;:&quot;classic&quot;}\">\n\t\t\t\t\t\t<div class=\"elementor-container elementor-column-gap-default\">\n\t\t\t\t\t<div class=\"elementor-column elementor-col-100 elementor-top-column elementor-element elementor-element-e76fe4b\" data-id=\"e76fe4b\" data-element_type=\"column\">\n\t\t\t<div class=\"elementor-widget-wrap elementor-element-populated\">\n\t\t\t\t\t\t<div class=\"elementor-element elementor-element-705436d elementor-widget elementor-widget-gva-heading-block\" data-id=\"705436d\" data-element_type=\"widget\" data-widget_type=\"gva-heading-block.default\">\n\t\t\t\t<div class=\"elementor-widget-container\">\n\t\t\t<div class=\"gva-element-gva-heading-block gva-element\">   <div class=\"align-center style-1 widget gsc-heading\">\r\n      <div class=\"content-inner\">\r\n         \r\n                     <div class=\"heading-icon\"><img decoding=\"async\" src=\"https:\/\/pointofsolution.com\/spanish\/wp-content\/plugins\/vizeon-themer\/elementor\/assets\/images\/icon-heading.png\" alt=\"Qui\u00e9nes Somos\"\/><\/div>\r\n                  \r\n           \r\n         \r\n                     <h2 class=\"title\">\r\n               <span>Qui\u00e9nes Somos<\/span>\r\n            <\/h2>\r\n                  \r\n         \r\n      <\/div>\r\n   <\/div>\r\n   <div class=\"clearfix\"><\/div>\r\n<\/div>\t\t<\/div>\n\t\t\t\t<\/div>\n\t\t\t\t\t<\/div>\n\t\t<\/div>\n\t\t\t\t\t<\/div>\n\t\t<\/section>\n\t\t\t\t<section class=\"elementor-section elementor-top-section elementor-element elementor-element-eb83538 elementor-section-boxed elementor-section-height-default elementor-section-height-default\" data-id=\"eb83538\" data-element_type=\"section\">\n\t\t\t\t\t\t<div class=\"elementor-container elementor-column-gap-default\">\n\t\t\t\t\t<div class=\"elementor-column elementor-col-100 elementor-top-column elementor-element elementor-element-11ece54\" data-id=\"11ece54\" data-element_type=\"column\">\n\t\t\t<div class=\"elementor-widget-wrap elementor-element-populated\">\n\t\t\t\t\t\t<div class=\"elementor-element elementor-element-6682753 elementor-widget elementor-widget-gva-tabs-color\" data-id=\"6682753\" data-element_type=\"widget\" data-widget_type=\"gva-tabs-color.default\">\n\t\t\t\t<div class=\"elementor-widget-container\">\n\t\t\t\t\t<div class=\"gsc-tabs-color\" role=\"tablist\">\n\t\t\t<div class=\"tabs_wrapper\">\n\t\t\t\t<ul class=\"nav_tabs clearfix\">\n\t\t\t\t\t\t\t\t\t\t\t<li class=\"elementor-repeater-item-ccf2fed active show\">\n\t\t\t\t\t\t\t<a class=\"active show\" role=\"tab\" data-toggle=\"tab\" href=\"#aw6v-0\">\n\t\t\t\t\t\t\t\tNUESTRA MISI\u00d3N\t\t\t\t\t\t\t<\/a>\n\t\t\t\t\t\t<\/li>\n\t\t\t\t\t\t\t\t\t\t\t<li class=\"elementor-repeater-item-b29be58\">\n\t\t\t\t\t\t\t<a class=\"\" role=\"tab\" data-toggle=\"tab\" href=\"#aw6v-1\">\n\t\t\t\t\t\t\t\tNUESTRO COMPROMISO CON USTED\t\t\t\t\t\t\t<\/a>\n\t\t\t\t\t\t<\/li>\n\t\t\t\t\t\t\t\t\t<\/ul>\n\n\t\t\t\t<div class=\"tab-content clearfix\">\n\t\t\t\t\t\t\t\t\t\t\t<div class=\"tab-pane fade in active show\" role=\"tabpanel\" id=\"aw6v-0\">\n\t\t\t\t\t\t\t\t\t\t\t\t\t\t\t<div class=\"tab-image\">\n\t\t\t\t\t\t\t\t\t<img decoding=\"async\" src=\"https:\/\/pointofsolution.com\/spanish\/wp-content\/uploads\/2024\/04\/point-of-solution-about-us.jpg\" alt=\"NUESTRA MISI\u00d3N\" \/>\n\t\t\t\t\t\t\t\t<\/div>\n\t\t\t\t\t\t\t\t\t\t\t\t\t\t<div class=\"tab-content-item has_image\">\n\t\t\t\t\t\t\t\t<p>Point of Solution ha desarrollado las mejores herramientas para hacer crecer su negocio. Nuestros productos y servicios evolucionan continuamente en funci\u00f3n de sus necesidades y inquietudes. Nuestro objetivo no es s\u00f3lo satisfacer sus necesidades, sino superarlas.<\/p><p>Como empresa familiar, comprendemos las necesidades de nuestros clientes y nos identificamos con ellas, lo que nos permite ofrecer servicios probados y de confianza.<\/p><p>En comparaci\u00f3n con la mayor\u00eda de los proveedores de soluciones, ofrecemos un enfoque m\u00e1s completo de la asistencia al cliente. Lo hacemos complementando nuestra oferta de productos y capacidades, lo que le proporciona menos relaciones que gestionar y nos permite comprender mejor las necesidades generales de su empresa.<\/p>\t\t\t\t\t\t\t<\/div>\n\t\t\t\t\t\t<\/div>\n\t\t\t\t\t\n\t\t\t\t\t\t\t\t\t\t\t<div class=\"tab-pane fade in \" role=\"tabpanel\" id=\"aw6v-1\">\n\t\t\t\t\t\t\t\t\t\t\t\t\t\t\t<div class=\"tab-image\">\n\t\t\t\t\t\t\t\t\t<img decoding=\"async\" src=\"https:\/\/pointofsolution.com\/spanish\/wp-content\/uploads\/2024\/04\/point-of-solution-Josh-Valencia-pic.jpg\" alt=\"NUESTRO COMPROMISO CON USTED\" \/>\n\t\t\t\t\t\t\t\t<\/div>\n\t\t\t\t\t\t\t\t\t\t\t\t\t\t<div class=\"tab-content-item has_image\">\n\t\t\t\t\t\t\t\t<p>\u00a1Hola y bienvenido a Point of Solution!<\/p><p>Estoy encantado de saludarle personalmente como propietario de nuestra din\u00e1mica empresa. Somos algo m\u00e1s que proveedores de sistemas de punto de venta, soluciones de videoseguridad y servicios de procesamiento de pagos: somos sus socios en el \u00e9xito.<\/p><p>Con un enfoque implacable en la innovaci\u00f3n, la fiabilidad y la satisfacci\u00f3n del cliente, hemos construido una reputaci\u00f3n para la entrega de tecnolog\u00eda de vanguardia y un apoyo sin precedentes a las empresas de todos los tama\u00f1os. Nuestro equipo se dedica a comprender sus necesidades espec\u00edficas y a ofrecer soluciones a medida que impulsen su negocio.<\/p><p>Como peque\u00f1a empresa, estamos profundamente comprometidos con la excelencia y la superaci\u00f3n de las expectativas, por lo que le invitamos a explorar nuestra gama de servicios y descubrir c\u00f3mo podemos elevar sus operaciones a nuevas alturas. Gracias por considerar a Point of Solution como su socio de confianza.<\/p>\t\t\t\t\t\t\t<\/div>\n\t\t\t\t\t\t<\/div>\n\t\t\t\t\t\n\t\t\t\t\t\t\t\t\t<\/div>\n\t\t\t<\/div>\t\n\t\t<\/div>\n\t\t\t\t<\/div>\n\t\t\t\t<\/div>\n\t\t\t\t\t<\/div>\n\t\t<\/div>\n\t\t\t\t\t<\/div>\n\t\t<\/section>\n\t\t\t\t<section class=\"elementor-section elementor-top-section elementor-element elementor-element-7fe4116 elementor-section-boxed elementor-section-height-default elementor-section-height-default\" data-id=\"7fe4116\" data-element_type=\"section\" data-settings=\"{&quot;background_background&quot;:&quot;classic&quot;}\">\n\t\t\t\t\t\t<div class=\"elementor-container elementor-column-gap-default\">\n\t\t\t\t\t<div class=\"elementor-column elementor-col-100 elementor-top-column elementor-element elementor-element-6c506ff\" data-id=\"6c506ff\" data-element_type=\"column\">\n\t\t\t<div class=\"elementor-widget-wrap elementor-element-populated\">\n\t\t\t\t\t\t<div class=\"elementor-element elementor-element-7ce960d elementor-widget elementor-widget-gva-heading-block\" data-id=\"7ce960d\" data-element_type=\"widget\" data-widget_type=\"gva-heading-block.default\">\n\t\t\t\t<div class=\"elementor-widget-container\">\n\t\t\t<div class=\"gva-element-gva-heading-block gva-element\">   <div class=\"align-center style-1 widget gsc-heading\">\r\n      <div class=\"content-inner\">\r\n         \r\n                              <div class=\"heading-video\">\r\n            <a class=\"video-link popup-video\" href=\"https:\/\/player.vimeo.com\/video\/930920260\"><i class=\"fa fa-play\"><\/i><\/a>\r\n            <\/div>\r\n         \r\n           \r\n         \r\n                     <h2 class=\"title\">\r\n               <span>Testimonio De Un Cliente Feliz<\/span>\r\n            <\/h2>\r\n                  \r\n         \r\n      <\/div>\r\n   <\/div>\r\n   <div class=\"clearfix\"><\/div>\r\n<\/div>\t\t<\/div>\n\t\t\t\t<\/div>\n\t\t\t\t\t<\/div>\n\t\t<\/div>\n\t\t\t\t\t<\/div>\n\t\t<\/section>\n\t\t\t\t<\/div>\n\t\t","protected":false},"excerpt":{"rendered":"<p>Qui\u00e9nes Somos NUESTRA MISI\u00d3N NUESTRO COMPROMISO CON USTED Point of Solution ha desarrollado las mejores herramientas para hacer crecer su negocio. Nuestros productos y servicios evolucionan continuamente en funci\u00f3n de sus necesidades y inquietudes. Nuestro objetivo no es s\u00f3lo satisfacer sus necesidades, sino superarlas. Como empresa familiar, comprendemos las necesidades de nuestros clientes y nos [&hellip;]<\/p>\n","protected":false},"author":1,"featured_media":0,"parent":0,"menu_order":0,"comment_status":"closed","ping_status":"closed","template":"","meta":{"footnotes":""},"class_list":["post-5467","page","type-page","status-publish","hentry"],"_links":{"self":[{"href":"https:\/\/pointofsolution.com\/spanish\/wp-json\/wp\/v2\/pages\/5467","targetHints":{"allow":["GET"]}}],"collection":[{"href":"https:\/\/pointofsolution.com\/spanish\/wp-json\/wp\/v2\/pages"}],"about":[{"href":"https:\/\/pointofsolution.com\/spanish\/wp-json\/wp\/v2\/types\/page"}],"author":[{"embeddable":true,"href":"https:\/\/pointofsolution.com\/spanish\/wp-json\/wp\/v2\/users\/1"}],"replies":[{"embeddable":true,"href":"https:\/\/pointofsolution.com\/spanish\/wp-json\/wp\/v2\/comments?post=5467"}],"version-history":[{"count":59,"href":"https:\/\/pointofsolution.com\/spanish\/wp-json\/wp\/v2\/pages\/5467\/revisions"}],"predecessor-version":[{"id":6766,"href":"https:\/\/pointofsolution.com\/spanish\/wp-json\/wp\/v2\/pages\/5467\/revisions\/6766"}],"wp:attachment":[{"href":"https:\/\/pointofsolution.com\/spanish\/wp-json\/wp\/v2\/media?parent=5467"}],"curies":[{"name":"wp","href":"https:\/\/api.w.org\/{rel}","templated":true}]}}